{"id":24,"date":"2026-04-04T17:35:57","date_gmt":"2026-04-04T17:35:57","guid":{"rendered":"https:\/\/2j-tex.com\/?page_id=24"},"modified":"2026-04-09T09:53:01","modified_gmt":"2026-04-09T09:53:01","slug":"contact","status":"publish","type":"page","link":"https:\/\/2j-tex.com\/index.php\/contact\/","title":{"rendered":"Contact"},"content":{"rendered":"\t\t<div data-elementor-type=\"wp-page\" data-elementor-id=\"24\" class=\"elementor elementor-24\">\n\t\t\t\t<div class=\"elementor-element elementor-element-6021667 e-flex e-con-boxed e-con e-parent\" data-id=\"6021667\" data-element_type=\"container\" data-e-type=\"container\">\n\t\t\t\t\t<div class=\"e-con-inner\">\n\t\t<div class=\"elementor-element elementor-element-8bf9bb5 e-con-full e-flex e-con e-child\" data-id=\"8bf9bb5\" data-element_type=\"container\" data-e-type=\"container\" data-settings=\"{&quot;background_background&quot;:&quot;classic&quot;}\">\n\t\t<div class=\"elementor-element elementor-element-1e0d202 e-con-full e-flex e-con e-child\" data-id=\"1e0d202\" data-element_type=\"container\" data-e-type=\"container\">\n\t\t\t\t<div class=\"elementor-element elementor-element-063cba3 elementor-widget elementor-widget-spacer\" data-id=\"063cba3\" data-element_type=\"widget\" data-e-type=\"widget\" data-widget_type=\"spacer.default\">\n\t\t\t\t\t\t\t<div class=\"elementor-spacer\">\n\t\t\t<div class=\"elementor-spacer-inner\"><\/div>\n\t\t<\/div>\n\t\t\t\t\t\t<\/div>\n\t\t\t\t\t\t\t<h1 \n\t\tdata-interaction-id=\"8376aab\" \n\t\tclass=\"e-8376aab-f212e2b e-heading-base\" \n\t\t \n\t\t\n\t>\n\t\n\t\t\tAdresse\n\t\t<\/h1>\n\t\t\t\t\t\t\t\t<p class=\"e-47957af-a2de57e e-paragraph-base\" data-interaction-id=\"47957af\"  >\n\t\t\t\t\t\t\t\t19 Rue des Jardins\n\t\t\t\t\t<\/p>\n\t\t\t\t\t\t\t\t<p class=\"e-8d9fd95-ab5f114 e-paragraph-base\" data-interaction-id=\"8d9fd95\"  >\n\t\t\t\t\t\t\t\t68320 Baltzenheim\n\t\t\t\t\t<\/p>\n\t\t\t\t\t\t\t<h1 \n\t\tdata-interaction-id=\"c87b2ff\" \n\t\tclass=\"e-c87b2ff-b344d41 e-heading-base\" \n\t\t \n\t\t\n\t>\n\t\n\t\t\tMail\n\t\t<\/h1>\n\t\t\t\t\t\t\t\t<p class=\"e-090bc25-bd3fdff e-paragraph-base\" data-interaction-id=\"090bc25\"  >\n\t\t\t\t\t\t\t\tcontact@2jtex.com\n\t\t\t\t\t<\/p>\n\t\t\t\t\t\t\t<h1 \n\t\tdata-interaction-id=\"504736c\" \n\t\tclass=\"e-504736c-11f569c e-heading-base\" \n\t\t \n\t\t\n\t>\n\t\n\t\t\tT\u00e9l\u00e9phone\n\t\t<\/h1>\n\t\t\t\t\t\t\t\t<p class=\"e-fec1d76-bb97091 e-paragraph-base\" data-interaction-id=\"fec1d76\"  >\n\t\t\t\t\t\t\t\t03 89 78 86 83\n\t\t\t\t\t<\/p>\n\t\t\t\t\t\t\t\n\t\t<img class=\"e-image-base e-6ca5c5e-c181270 lazyload\" \n\t\t\t\t\tdata-interaction-id=\"6ca5c5e\" \n\t\t \n\t\t \n\t\t\t\t\t\t\t\t\tid=\"188\"\n\t\t\t\t\t\t\t\t\t\t\t\tdata-src=\"https:\/\/2j-tex.com\/wp-content\/uploads\/2026\/04\/fPlan-de-travail-13.png\"\n\t\t\t\t\t\t\t\t\t\t\t\twidth=\"401\"\n\t\t\t\t\t\t\t\t\t\t\t\theight=\"401\"\n\t\t\t\t\t\t\t\t\t\t\t\tdata-srcset=\"https:\/\/2j-tex.com\/wp-content\/uploads\/2026\/04\/fPlan-de-travail-13.png 401w, https:\/\/2j-tex.com\/wp-content\/uploads\/2026\/04\/fPlan-de-travail-13-300x300.png 300w, https:\/\/2j-tex.com\/wp-content\/uploads\/2026\/04\/fPlan-de-travail-13-150x150.png 150w\"\n\t\t\t\t\t\t\t\t\t\t\t\talt=\"\"\n\t\t\t\t\t\t src=\"data:image\/svg+xml;base64,PHN2ZyB3aWR0aD0iMSIgaGVpZ2h0PSIxIiB4bWxucz0iaHR0cDovL3d3dy53My5vcmcvMjAwMC9zdmciPjwvc3ZnPg==\" style=\"--smush-placeholder-width: 401px; --smush-placeholder-aspect-ratio: 401\/401;\" \/>\n\t\t\t\t\t<\/div>\n\t\t\t\t<\/div>\n\t\t<div class=\"elementor-element elementor-element-4969949 e-con-full e-flex e-con e-child\" data-id=\"4969949\" data-element_type=\"container\" data-e-type=\"container\">\n\t\t\t\t<\/div>\n\t\t<div class=\"elementor-element elementor-element-14a2841 e-con-full e-flex e-con e-child\" data-id=\"14a2841\" data-element_type=\"container\" data-e-type=\"container\">\n\t\t\t\t\t\t\t<h2 \n\t\tdata-interaction-id=\"dd833ea\" \n\t\tclass=\"e-dd833ea-f784489 e-heading-base\" \n\t\t \n\t\t\n\t>\n\t\n\t\t\tContact\n\t\t<\/h2>\n\t\t\t\t\t\t\t<h2 \n\t\tdata-interaction-id=\"787f5bd\" \n\t\tclass=\"e-787f5bd-2042cb9 e-heading-base\" \n\t\t \n\t\t\n\t>\n\t\n\t\t\t<strong id=\"e-mnlwoj0j-k2zci2s\">Vous \u00eates un professionnel ?<\/strong>\n\t\t<\/h2>\n\t\t\t\t\t\t\t\t<p class=\"e-e836442-61bbcec e-paragraph-base\" data-interaction-id=\"e836442\"  >\n\t\t\t\t\t\t\t\tAcc\u00e9dez \u00e0 nos collections et conditions de distribution.<br>\n\t\t\t\t\t<\/p>\n\t\t\t\t<div class=\"elementor-element elementor-element-3984680 eael-contact-form-7-button-align-left eael-contact-form-7-button-custom elementor-widget elementor-widget-eael-contact-form-7\" data-id=\"3984680\" data-element_type=\"widget\" data-e-type=\"widget\" data-widget_type=\"eael-contact-form-7.default\">\n\t\t\t\t\t<div class=\"eael-contact-form-7-wrapper\">\n                <div class=\"eael-contact-form eael-contact-form-7 eael-contact-form-3984680 placeholder-show eael-contact-form-align-default\">\n<div class=\"wpcf7 no-js\" id=\"wpcf7-f32-o1\" lang=\"fr-FR\" dir=\"ltr\" data-wpcf7-id=\"32\">\n<div class=\"screen-reader-response\"><p role=\"status\" aria-live=\"polite\" aria-atomic=\"true\"><\/p> <ul><\/ul><\/div>\n<form action=\"\/index.php\/wp-json\/wp\/v2\/pages\/24#wpcf7-f32-o1\" method=\"post\" class=\"wpcf7-form init\" aria-label=\"Formulaire de contact\" novalidate=\"novalidate\" data-status=\"init\">\n<fieldset class=\"hidden-fields-container\"><input type=\"hidden\" name=\"_wpcf7\" value=\"32\" \/><input type=\"hidden\" name=\"_wpcf7_version\" value=\"6.1.5\" \/><input type=\"hidden\" name=\"_wpcf7_locale\" value=\"fr_FR\" \/><input type=\"hidden\" name=\"_wpcf7_unit_tag\" value=\"wpcf7-f32-o1\" \/><input type=\"hidden\" name=\"_wpcf7_container_post\" value=\"0\" \/><input type=\"hidden\" name=\"_wpcf7_posted_data_hash\" value=\"\" \/><input type=\"hidden\" name=\"_wpcf7_recaptcha_response\" value=\"\" \/>\n<\/fieldset>\n<p><label> Civilit\u00e9 *<br \/>\n<span class=\"wpcf7-form-control-wrap\" data-name=\"your-title\"><select class=\"wpcf7-form-control wpcf7-select wpcf7-validates-as-required\" aria-required=\"true\" aria-invalid=\"false\" name=\"your-title\"><option value=\"Homme\">Homme<\/option><option value=\"Femme\">Femme<\/option><option value=\"Non binaire\">Non binaire<\/option><\/select><\/span><br \/>\n<\/label>\n<\/p>\n<p><label> Pr\u00e9nom *<br \/>\n<span class=\"wpcf7-form-control-wrap\" data-name=\"your-firstname\"><input size=\"40\" maxlength=\"400\" class=\"wpcf7-form-control wpcf7-text wpcf7-validates-as-required\" autocomplete=\"given-name\" aria-required=\"true\" aria-invalid=\"false\" placeholder=\"Votre pr\u00e9nom\" value=\"\" type=\"text\" name=\"your-firstname\" \/><\/span><br \/>\n<\/label>\n<\/p>\n<p><label> Nom *<br \/>\n<span class=\"wpcf7-form-control-wrap\" data-name=\"your-name\"><input size=\"40\" maxlength=\"400\" class=\"wpcf7-form-control wpcf7-text wpcf7-validates-as-required\" autocomplete=\"family-name\" aria-required=\"true\" aria-invalid=\"false\" placeholder=\"Votre nom\" value=\"\" type=\"text\" name=\"your-name\" \/><\/span><br \/>\n<\/label>\n<\/p>\n<p><label> E-mail *<br \/>\n<span class=\"wpcf7-form-control-wrap\" data-name=\"your-email\"><input size=\"40\" maxlength=\"400\" class=\"wpcf7-form-control wpcf7-email wpcf7-validates-as-required wpcf7-text wpcf7-validates-as-email\" autocomplete=\"email\" aria-required=\"true\" aria-invalid=\"false\" placeholder=\"Votre e-mail\" value=\"\" type=\"email\" name=\"your-email\" \/><\/span><br \/>\n<\/label>\n<\/p>\n<p><label> T\u00e9l\u00e9phone *<br \/>\n<span class=\"wpcf7-form-control-wrap\" data-name=\"your-phone\"><input size=\"40\" maxlength=\"400\" class=\"wpcf7-form-control wpcf7-tel wpcf7-validates-as-required wpcf7-text wpcf7-validates-as-tel\" autocomplete=\"tel\" aria-required=\"true\" aria-invalid=\"false\" placeholder=\"Votre t\u00e9l\u00e9phone\" value=\"\" type=\"tel\" name=\"your-phone\" \/><\/span><br \/>\n<\/label>\n<\/p>\n<p><label> Soci\u00e9t\u00e9 *<br \/>\n<span class=\"wpcf7-form-control-wrap\" data-name=\"your-company\"><input size=\"40\" maxlength=\"400\" class=\"wpcf7-form-control wpcf7-text wpcf7-validates-as-required\" aria-required=\"true\" aria-invalid=\"false\" placeholder=\"Nom de votre soci\u00e9t\u00e9\" value=\"\" type=\"text\" name=\"your-company\" \/><\/span><br \/>\n<\/label>\n<\/p>\n<p><label> Votre message *<br \/>\n<span class=\"wpcf7-form-control-wrap\" data-name=\"your-message\"><textarea cols=\"40\" rows=\"10\" maxlength=\"2000\" class=\"wpcf7-form-control wpcf7-textarea wpcf7-validates-as-required\" aria-required=\"true\" aria-invalid=\"false\" placeholder=\"Votre message\" name=\"your-message\"><\/textarea><\/span><br \/>\n<\/label>\n<\/p>\n<p><input class=\"wpcf7-form-control wpcf7-submit has-spinner\" type=\"submit\" value=\"Envoyer\" \/><br \/>\n<label>Votre message *<br \/>\n<span class=\"wpcf7-form-control-wrap\" data-name=\"your-message\"><textarea cols=\"40\" rows=\"10\" maxlength=\"2000\" class=\"wpcf7-form-control wpcf7-textarea wpcf7-validates-as-required\" aria-required=\"true\" aria-invalid=\"false\" placeholder=\"Votre message\" name=\"your-message\"><\/textarea><\/span><br \/>\n<\/label>\n<\/p>\n<p><input class=\"wpcf7-form-control wpcf7-submit has-spinner\" type=\"submit\" value=\"Envoyer\" \/>\n<\/p><p style=\"display: none !important;\" class=\"akismet-fields-container\" data-prefix=\"_wpcf7_ak_\"><label>&#916;<textarea name=\"_wpcf7_ak_hp_textarea\" cols=\"45\" rows=\"8\" maxlength=\"100\"><\/textarea><\/label><input type=\"hidden\" id=\"ak_js_1\" name=\"_wpcf7_ak_js\" value=\"121\"\/><script>document.getElementById( \"ak_js_1\" ).setAttribute( \"value\", ( new Date() ).getTime() );<\/script><\/p><div class=\"wpcf7-response-output\" aria-hidden=\"true\"><\/div>\n<\/form>\n<\/div>\n<\/div>\n            <\/div>\t\t\t\t<\/div>\n\t\t\t\t<div class=\"elementor-element elementor-element-d57601b elementor-widget elementor-widget-html\" data-id=\"d57601b\" data-element_type=\"widget\" data-e-type=\"widget\" data-widget_type=\"html.default\">\n\t\t\t\t\tCe site est prot\u00e9g\u00e9 par reCAPTCHA et la \n<a href=\"https:\/\/policies.google.com\/privacy\">politique de confidentialit\u00e9<\/a> \net les \n<a href=\"https:\/\/policies.google.com\/terms\">conditions d'utilisation<\/a> \nde Google s'appliquent.\t\t\t\t<\/div>\n\t\t\t\t<div class=\"elementor-element elementor-element-07690f8 elementor-widget elementor-widget-spacer\" data-id=\"07690f8\" data-element_type=\"widget\" data-e-type=\"widget\" data-widget_type=\"spacer.default\">\n\t\t\t\t\t\t\t<div class=\"elementor-spacer\">\n\t\t\t<div class=\"elementor-spacer-inner\"><\/div>\n\t\t<\/div>\n\t\t\t\t\t\t<\/div>\n\t\t\t\t<\/div>\n\t\t\t\t\t<\/div>\n\t\t\t\t<\/div>\n\t\t\t\t<\/div>\n\t\t","protected":false},"excerpt":{"rendered":"<p>Adresse 19 Rue des Jardins 68320 Baltzenheim Mail contact@2jtex.com T\u00e9l\u00e9phone 03 89 78 86 83 Contact Vous \u00eates un professionnel ? Acc\u00e9dez \u00e0 nos collections et conditions de distribution. Nom * E-mail * T\u00e9l\u00e9phone * Soci\u00e9t\u00e9 * Votre message &#916; Ce site est prot\u00e9g\u00e9 par reCAPTCHA et la politique de confidentialit\u00e9 et les conditions d&rsquo;utilisation [&hellip;]<\/p>\n","protected":false},"author":2,"featured_media":0,"parent":0,"menu_order":0,"comment_status":"closed","ping_status":"closed","template":"elementor_header_footer","meta":{"footnotes":""},"folder":[56],"class_list":["post-24","page","type-page","status-publish","hentry"],"yoast_head":"<!-- This site is optimized with the Yoast SEO plugin v27.3 - https:\/\/yoast.com\/product\/yoast-seo-wordpress\/ -->\n<title>Contact - 2JTEX<\/title>\n<meta name=\"robots\" content=\"index, follow, max-snippet:-1, max-image-preview:large, max-video-preview:-1\" \/>\n<link rel=\"canonical\" href=\"https:\/\/2j-tex.com\/index.php\/contact\/\" \/>\n<meta property=\"og:locale\" content=\"fr_FR\" \/>\n<meta property=\"og:type\" content=\"article\" \/>\n<meta property=\"og:title\" content=\"Contact - 2JTEX\" \/>\n<meta property=\"og:description\" content=\"Adresse 19 Rue des Jardins 68320 Baltzenheim Mail contact@2jtex.com T\u00e9l\u00e9phone 03 89 78 86 83 Contact Vous \u00eates un professionnel ? Acc\u00e9dez \u00e0 nos collections et conditions de distribution. Nom * E-mail * T\u00e9l\u00e9phone * Soci\u00e9t\u00e9 * Votre message &#916; Ce site est prot\u00e9g\u00e9 par reCAPTCHA et la politique de confidentialit\u00e9 et les conditions d&rsquo;utilisation [&hellip;]\" \/>\n<meta property=\"og:url\" content=\"https:\/\/2j-tex.com\/index.php\/contact\/\" \/>\n<meta property=\"og:site_name\" content=\"2JTEX\" \/>\n<meta property=\"article:modified_time\" content=\"2026-04-09T09:53:01+00:00\" \/>\n<meta property=\"og:image\" content=\"https:\/\/2j-tex.com\/wp-content\/uploads\/2026\/04\/fPlan-de-travail-13.png\" \/>\n<meta name=\"twitter:card\" content=\"summary_large_image\" \/>\n<meta name=\"twitter:label1\" content=\"Dur\u00e9e de lecture estim\u00e9e\" \/>\n\t<meta name=\"twitter:data1\" content=\"1 minute\" \/>\n<script type=\"application\/ld+json\" class=\"yoast-schema-graph\">{\"@context\":\"https:\\\/\\\/schema.org\",\"@graph\":[{\"@type\":\"WebPage\",\"@id\":\"https:\\\/\\\/2j-tex.com\\\/index.php\\\/contact\\\/\",\"url\":\"https:\\\/\\\/2j-tex.com\\\/index.php\\\/contact\\\/\",\"name\":\"Contact - 2JTEX\",\"isPartOf\":{\"@id\":\"https:\\\/\\\/2j-tex.com\\\/#website\"},\"primaryImageOfPage\":{\"@id\":\"https:\\\/\\\/2j-tex.com\\\/index.php\\\/contact\\\/#primaryimage\"},\"image\":{\"@id\":\"https:\\\/\\\/2j-tex.com\\\/index.php\\\/contact\\\/#primaryimage\"},\"thumbnailUrl\":\"https:\\\/\\\/2j-tex.com\\\/wp-content\\\/uploads\\\/2026\\\/04\\\/fPlan-de-travail-13.png\",\"datePublished\":\"2026-04-04T17:35:57+00:00\",\"dateModified\":\"2026-04-09T09:53:01+00:00\",\"breadcrumb\":{\"@id\":\"https:\\\/\\\/2j-tex.com\\\/index.php\\\/contact\\\/#breadcrumb\"},\"inLanguage\":\"fr-FR\",\"potentialAction\":[{\"@type\":\"ReadAction\",\"target\":[\"https:\\\/\\\/2j-tex.com\\\/index.php\\\/contact\\\/\"]}]},{\"@type\":\"ImageObject\",\"inLanguage\":\"fr-FR\",\"@id\":\"https:\\\/\\\/2j-tex.com\\\/index.php\\\/contact\\\/#primaryimage\",\"url\":\"https:\\\/\\\/2j-tex.com\\\/wp-content\\\/uploads\\\/2026\\\/04\\\/fPlan-de-travail-13.png\",\"contentUrl\":\"https:\\\/\\\/2j-tex.com\\\/wp-content\\\/uploads\\\/2026\\\/04\\\/fPlan-de-travail-13.png\",\"width\":401,\"height\":401},{\"@type\":\"BreadcrumbList\",\"@id\":\"https:\\\/\\\/2j-tex.com\\\/index.php\\\/contact\\\/#breadcrumb\",\"itemListElement\":[{\"@type\":\"ListItem\",\"position\":1,\"name\":\"Accueil\",\"item\":\"https:\\\/\\\/2j-tex.com\\\/\"},{\"@type\":\"ListItem\",\"position\":2,\"name\":\"Contact\"}]},{\"@type\":\"WebSite\",\"@id\":\"https:\\\/\\\/2j-tex.com\\\/#website\",\"url\":\"https:\\\/\\\/2j-tex.com\\\/\",\"name\":\"2JTEX\",\"description\":\"\",\"publisher\":{\"@id\":\"https:\\\/\\\/2j-tex.com\\\/#organization\"},\"potentialAction\":[{\"@type\":\"SearchAction\",\"target\":{\"@type\":\"EntryPoint\",\"urlTemplate\":\"https:\\\/\\\/2j-tex.com\\\/?s={search_term_string}\"},\"query-input\":{\"@type\":\"PropertyValueSpecification\",\"valueRequired\":true,\"valueName\":\"search_term_string\"}}],\"inLanguage\":\"fr-FR\"},{\"@type\":\"Organization\",\"@id\":\"https:\\\/\\\/2j-tex.com\\\/#organization\",\"name\":\"2JTEX\",\"url\":\"https:\\\/\\\/2j-tex.com\\\/\",\"logo\":{\"@type\":\"ImageObject\",\"inLanguage\":\"fr-FR\",\"@id\":\"https:\\\/\\\/2j-tex.com\\\/#\\\/schema\\\/logo\\\/image\\\/\",\"url\":\"https:\\\/\\\/2j-tex.com\\\/wp-content\\\/uploads\\\/2026\\\/04\\\/Logo-2J-TEX-e1775308001819.png\",\"contentUrl\":\"https:\\\/\\\/2j-tex.com\\\/wp-content\\\/uploads\\\/2026\\\/04\\\/Logo-2J-TEX-e1775308001819.png\",\"width\":143,\"height\":104,\"caption\":\"2JTEX\"},\"image\":{\"@id\":\"https:\\\/\\\/2j-tex.com\\\/#\\\/schema\\\/logo\\\/image\\\/\"}}]}<\/script>\n<!-- \/ Yoast SEO plugin. -->","yoast_head_json":{"title":"Contact - 2JTEX","robots":{"index":"index","follow":"follow","max-snippet":"max-snippet:-1","max-image-preview":"max-image-preview:large","max-video-preview":"max-video-preview:-1"},"canonical":"https:\/\/2j-tex.com\/index.php\/contact\/","og_locale":"fr_FR","og_type":"article","og_title":"Contact - 2JTEX","og_description":"Adresse 19 Rue des Jardins 68320 Baltzenheim Mail contact@2jtex.com T\u00e9l\u00e9phone 03 89 78 86 83 Contact Vous \u00eates un professionnel ? Acc\u00e9dez \u00e0 nos collections et conditions de distribution. Nom * E-mail * T\u00e9l\u00e9phone * Soci\u00e9t\u00e9 * Votre message &#916; Ce site est prot\u00e9g\u00e9 par reCAPTCHA et la politique de confidentialit\u00e9 et les conditions d&rsquo;utilisation [&hellip;]","og_url":"https:\/\/2j-tex.com\/index.php\/contact\/","og_site_name":"2JTEX","article_modified_time":"2026-04-09T09:53:01+00:00","og_image":[{"url":"https:\/\/2j-tex.com\/wp-content\/uploads\/2026\/04\/fPlan-de-travail-13.png","type":"","width":"","height":""}],"twitter_card":"summary_large_image","twitter_misc":{"Dur\u00e9e de lecture estim\u00e9e":"1 minute"},"schema":{"@context":"https:\/\/schema.org","@graph":[{"@type":"WebPage","@id":"https:\/\/2j-tex.com\/index.php\/contact\/","url":"https:\/\/2j-tex.com\/index.php\/contact\/","name":"Contact - 2JTEX","isPartOf":{"@id":"https:\/\/2j-tex.com\/#website"},"primaryImageOfPage":{"@id":"https:\/\/2j-tex.com\/index.php\/contact\/#primaryimage"},"image":{"@id":"https:\/\/2j-tex.com\/index.php\/contact\/#primaryimage"},"thumbnailUrl":"https:\/\/2j-tex.com\/wp-content\/uploads\/2026\/04\/fPlan-de-travail-13.png","datePublished":"2026-04-04T17:35:57+00:00","dateModified":"2026-04-09T09:53:01+00:00","breadcrumb":{"@id":"https:\/\/2j-tex.com\/index.php\/contact\/#breadcrumb"},"inLanguage":"fr-FR","potentialAction":[{"@type":"ReadAction","target":["https:\/\/2j-tex.com\/index.php\/contact\/"]}]},{"@type":"ImageObject","inLanguage":"fr-FR","@id":"https:\/\/2j-tex.com\/index.php\/contact\/#primaryimage","url":"https:\/\/2j-tex.com\/wp-content\/uploads\/2026\/04\/fPlan-de-travail-13.png","contentUrl":"https:\/\/2j-tex.com\/wp-content\/uploads\/2026\/04\/fPlan-de-travail-13.png","width":401,"height":401},{"@type":"BreadcrumbList","@id":"https:\/\/2j-tex.com\/index.php\/contact\/#breadcrumb","itemListElement":[{"@type":"ListItem","position":1,"name":"Accueil","item":"https:\/\/2j-tex.com\/"},{"@type":"ListItem","position":2,"name":"Contact"}]},{"@type":"WebSite","@id":"https:\/\/2j-tex.com\/#website","url":"https:\/\/2j-tex.com\/","name":"2JTEX","description":"","publisher":{"@id":"https:\/\/2j-tex.com\/#organization"},"potentialAction":[{"@type":"SearchAction","target":{"@type":"EntryPoint","urlTemplate":"https:\/\/2j-tex.com\/?s={search_term_string}"},"query-input":{"@type":"PropertyValueSpecification","valueRequired":true,"valueName":"search_term_string"}}],"inLanguage":"fr-FR"},{"@type":"Organization","@id":"https:\/\/2j-tex.com\/#organization","name":"2JTEX","url":"https:\/\/2j-tex.com\/","logo":{"@type":"ImageObject","inLanguage":"fr-FR","@id":"https:\/\/2j-tex.com\/#\/schema\/logo\/image\/","url":"https:\/\/2j-tex.com\/wp-content\/uploads\/2026\/04\/Logo-2J-TEX-e1775308001819.png","contentUrl":"https:\/\/2j-tex.com\/wp-content\/uploads\/2026\/04\/Logo-2J-TEX-e1775308001819.png","width":143,"height":104,"caption":"2JTEX"},"image":{"@id":"https:\/\/2j-tex.com\/#\/schema\/logo\/image\/"}}]}},"jetpack_sharing_enabled":true,"_links":{"self":[{"href":"https:\/\/2j-tex.com\/index.php\/wp-json\/wp\/v2\/pages\/24","targetHints":{"allow":["GET"]}}],"collection":[{"href":"https:\/\/2j-tex.com\/index.php\/wp-json\/wp\/v2\/pages"}],"about":[{"href":"https:\/\/2j-tex.com\/index.php\/wp-json\/wp\/v2\/types\/page"}],"author":[{"embeddable":true,"href":"https:\/\/2j-tex.com\/index.php\/wp-json\/wp\/v2\/users\/2"}],"replies":[{"embeddable":true,"href":"https:\/\/2j-tex.com\/index.php\/wp-json\/wp\/v2\/comments?post=24"}],"version-history":[{"count":52,"href":"https:\/\/2j-tex.com\/index.php\/wp-json\/wp\/v2\/pages\/24\/revisions"}],"predecessor-version":[{"id":1704,"href":"https:\/\/2j-tex.com\/index.php\/wp-json\/wp\/v2\/pages\/24\/revisions\/1704"}],"wp:attachment":[{"href":"https:\/\/2j-tex.com\/index.php\/wp-json\/wp\/v2\/media?parent=24"}],"wp:term":[{"taxonomy":"folder","embeddable":true,"href":"https:\/\/2j-tex.com\/index.php\/wp-json\/wp\/v2\/folder?post=24"}],"curies":[{"name":"wp","href":"https:\/\/api.w.org\/{rel}","templated":true}]}}