{"id":1361,"date":"2026-04-08T13:52:37","date_gmt":"2026-04-08T13:52:37","guid":{"rendered":"https:\/\/2j-tex.com\/?page_id=1361"},"modified":"2026-04-09T07:10:11","modified_gmt":"2026-04-09T07:10:11","slug":"politique-de-confidentialite-rgpd","status":"publish","type":"page","link":"https:\/\/2j-tex.com\/index.php\/politique-de-confidentialite-rgpd\/","title":{"rendered":"Politique de confidentialit\u00e9 \u2013 RGPD"},"content":{"rendered":"\t\t<div data-elementor-type=\"wp-page\" data-elementor-id=\"1361\" class=\"elementor elementor-1361\">\n\t\t\t\t<div class=\"elementor-element elementor-element-32b1978 e-flex e-con-boxed e-con e-parent\" data-id=\"32b1978\" data-element_type=\"container\" data-e-type=\"container\">\n\t\t\t\t\t<div class=\"e-con-inner\">\n\t\t\t\t<div class=\"elementor-element elementor-element-1bebfc1 elementor-widget elementor-widget-heading\" data-id=\"1bebfc1\" data-element_type=\"widget\" data-e-type=\"widget\" data-widget_type=\"heading.default\">\n\t\t\t\t\t<h2 class=\"elementor-heading-title elementor-size-default\">Politique de confidentialit\u00e9 \u2013 RGPD<\/h2>\t\t\t\t<\/div>\n\t\t\t\t\t<\/div>\n\t\t\t\t<\/div>\n\t\t<div class=\"elementor-element elementor-element-17b65f1 e-flex e-con-boxed e-con e-parent\" data-id=\"17b65f1\" data-element_type=\"container\" data-e-type=\"container\">\n\t\t\t\t\t<div class=\"e-con-inner\">\n\t\t\t\t\t\t\t\t<p class=\"e-paragraph-base\" data-interaction-id=\"f374413\"  >\n\t\t\t\t\t\t\t\t1. Responsable du traitement<br><strong>2J-TEX<\/strong><br>19 Rue des Jardins, 68320 Baltzenheim<br>\ud83d\udce7 <a target=\"_blank\" href=\"mailto:contact@2j-tex.com\">contact@2j-tex.com<\/a><br>\ud83d\udcde 03 89 78 86 83<br><br>2. Donn\u00e9es collect\u00e9es<br>Donn\u00e9es fournies : Nom, pr\u00e9nomEmailT\u00e9l\u00e9phoneMessageDonn\u00e9es automatiques : Adresse IPNavigation<br><br>3. Finalit\u00e9s<br>R\u00e9pondre aux demandes<br>\u00c9tablir des devis<br>Suivi client<br>Statistiques<br><br>4. Base l\u00e9gale<br>Consentement<br>Int\u00e9r\u00eat l\u00e9gitime<br><br>5. Dur\u00e9e de conservation, 3 ans (prospects) 5 ans (clients si applicable)<br><br>6. Partage<br>Les donn\u00e9es ne sont pas vendues. Elles peuvent \u00eatre partag\u00e9es avec : h\u00e9bergeur, outils statistiques<br><br>7. S\u00e9curit\u00e9<br>Des mesures de s\u00e9curit\u00e9 sont mises en place pour prot\u00e9ger les donn\u00e9es.<br><br>8. Vos droits<br>Vous disposez des droits suivants : acc\u00e8s, rectification, suppression, opposition<br>Contact : <a target=\"_blank\" href=\"mailto:contact@2j-tex.com\">contact@2j-tex.com<\/a><br><br>9. Cookies<br>Le site utilise des cookies pour am\u00e9liorer l\u2019exp\u00e9rience utilisateur. Un bandeau permet de g\u00e9rer le consentement.<br><br>10. Modification<br>Cette politique peut \u00eatre modifi\u00e9e \u00e0 tout moment.<br><br>11. Contact<br>\ud83d\udce7 <a target=\"_blank\" href=\"mailto:contact@2j-tex.com\">contact@2j-tex.com<\/a><br>\ud83d\udcde 03 89 78 86 83\n\t\t\t\t\t<\/p>\n\t\t\t\t\t<\/div>\n\t\t\t\t<\/div>\n\t\t\t\t<\/div>\n\t\t","protected":false},"excerpt":{"rendered":"<p>Politique de confidentialit\u00e9 \u2013 RGPD 1. Responsable du traitement2J-TEX19 Rue des Jardins, 68320 Baltzenheim\ud83d\udce7 contact@2j-tex.com\ud83d\udcde 03 89 78 86 83 2. Donn\u00e9es collect\u00e9esDonn\u00e9es fournies : Nom, pr\u00e9nomEmailT\u00e9l\u00e9phoneMessageDonn\u00e9es automatiques : Adresse IPNavigation 3. Finalit\u00e9sR\u00e9pondre aux demandes\u00c9tablir des devisSuivi clientStatistiques 4. Base l\u00e9galeConsentementInt\u00e9r\u00eat l\u00e9gitime 5. Dur\u00e9e de conservation, 3 ans (prospects) 5 ans (clients si applicable) 6. [&hellip;]<\/p>\n","protected":false},"author":3,"featured_media":0,"parent":0,"menu_order":0,"comment_status":"closed","ping_status":"closed","template":"","meta":{"footnotes":""},"folder":[38],"class_list":["post-1361","page","type-page","status-publish","hentry"],"yoast_head":"<!-- This site is optimized with the Yoast SEO plugin v27.3 - https:\/\/yoast.com\/product\/yoast-seo-wordpress\/ -->\n<title>Politique de confidentialit\u00e9 \u2013 RGPD - 2JTEX<\/title>\n<meta name=\"robots\" content=\"index, follow, max-snippet:-1, max-image-preview:large, max-video-preview:-1\" \/>\n<link rel=\"canonical\" href=\"https:\/\/2j-tex.com\/index.php\/politique-de-confidentialite-rgpd\/\" \/>\n<meta property=\"og:locale\" content=\"fr_FR\" \/>\n<meta property=\"og:type\" content=\"article\" \/>\n<meta property=\"og:title\" content=\"Politique de confidentialit\u00e9 \u2013 RGPD - 2JTEX\" \/>\n<meta property=\"og:description\" content=\"Politique de confidentialit\u00e9 \u2013 RGPD 1. Responsable du traitement2J-TEX19 Rue des Jardins, 68320 Baltzenheim\ud83d\udce7 contact@2j-tex.com\ud83d\udcde 03 89 78 86 83 2. Donn\u00e9es collect\u00e9esDonn\u00e9es fournies : Nom, pr\u00e9nomEmailT\u00e9l\u00e9phoneMessageDonn\u00e9es automatiques : Adresse IPNavigation 3. Finalit\u00e9sR\u00e9pondre aux demandes\u00c9tablir des devisSuivi clientStatistiques 4. Base l\u00e9galeConsentementInt\u00e9r\u00eat l\u00e9gitime 5. Dur\u00e9e de conservation, 3 ans (prospects) 5 ans (clients si applicable) 6. [&hellip;]\" \/>\n<meta property=\"og:url\" content=\"https:\/\/2j-tex.com\/index.php\/politique-de-confidentialite-rgpd\/\" \/>\n<meta property=\"og:site_name\" content=\"2JTEX\" \/>\n<meta property=\"article:modified_time\" content=\"2026-04-09T07:10:11+00:00\" \/>\n<meta name=\"twitter:card\" content=\"summary_large_image\" \/>\n<meta name=\"twitter:label1\" content=\"Dur\u00e9e de lecture estim\u00e9e\" \/>\n\t<meta name=\"twitter:data1\" content=\"2 minutes\" \/>\n<script type=\"application\/ld+json\" class=\"yoast-schema-graph\">{\"@context\":\"https:\\\/\\\/schema.org\",\"@graph\":[{\"@type\":\"WebPage\",\"@id\":\"https:\\\/\\\/2j-tex.com\\\/index.php\\\/politique-de-confidentialite-rgpd\\\/\",\"url\":\"https:\\\/\\\/2j-tex.com\\\/index.php\\\/politique-de-confidentialite-rgpd\\\/\",\"name\":\"Politique de confidentialit\u00e9 \u2013 RGPD - 2JTEX\",\"isPartOf\":{\"@id\":\"https:\\\/\\\/2j-tex.com\\\/#website\"},\"datePublished\":\"2026-04-08T13:52:37+00:00\",\"dateModified\":\"2026-04-09T07:10:11+00:00\",\"breadcrumb\":{\"@id\":\"https:\\\/\\\/2j-tex.com\\\/index.php\\\/politique-de-confidentialite-rgpd\\\/#breadcrumb\"},\"inLanguage\":\"fr-FR\",\"potentialAction\":[{\"@type\":\"ReadAction\",\"target\":[\"https:\\\/\\\/2j-tex.com\\\/index.php\\\/politique-de-confidentialite-rgpd\\\/\"]}]},{\"@type\":\"BreadcrumbList\",\"@id\":\"https:\\\/\\\/2j-tex.com\\\/index.php\\\/politique-de-confidentialite-rgpd\\\/#breadcrumb\",\"itemListElement\":[{\"@type\":\"ListItem\",\"position\":1,\"name\":\"Accueil\",\"item\":\"https:\\\/\\\/2j-tex.com\\\/\"},{\"@type\":\"ListItem\",\"position\":2,\"name\":\"Politique de confidentialit\u00e9 \u2013 RGPD\"}]},{\"@type\":\"WebSite\",\"@id\":\"https:\\\/\\\/2j-tex.com\\\/#website\",\"url\":\"https:\\\/\\\/2j-tex.com\\\/\",\"name\":\"2JTEX\",\"description\":\"\",\"publisher\":{\"@id\":\"https:\\\/\\\/2j-tex.com\\\/#organization\"},\"potentialAction\":[{\"@type\":\"SearchAction\",\"target\":{\"@type\":\"EntryPoint\",\"urlTemplate\":\"https:\\\/\\\/2j-tex.com\\\/?s={search_term_string}\"},\"query-input\":{\"@type\":\"PropertyValueSpecification\",\"valueRequired\":true,\"valueName\":\"search_term_string\"}}],\"inLanguage\":\"fr-FR\"},{\"@type\":\"Organization\",\"@id\":\"https:\\\/\\\/2j-tex.com\\\/#organization\",\"name\":\"2JTEX\",\"url\":\"https:\\\/\\\/2j-tex.com\\\/\",\"logo\":{\"@type\":\"ImageObject\",\"inLanguage\":\"fr-FR\",\"@id\":\"https:\\\/\\\/2j-tex.com\\\/#\\\/schema\\\/logo\\\/image\\\/\",\"url\":\"https:\\\/\\\/2j-tex.com\\\/wp-content\\\/uploads\\\/2026\\\/04\\\/Logo-2J-TEX-e1775308001819.png\",\"contentUrl\":\"https:\\\/\\\/2j-tex.com\\\/wp-content\\\/uploads\\\/2026\\\/04\\\/Logo-2J-TEX-e1775308001819.png\",\"width\":143,\"height\":104,\"caption\":\"2JTEX\"},\"image\":{\"@id\":\"https:\\\/\\\/2j-tex.com\\\/#\\\/schema\\\/logo\\\/image\\\/\"}}]}<\/script>\n<!-- \/ Yoast SEO plugin. -->","yoast_head_json":{"title":"Politique de confidentialit\u00e9 \u2013 RGPD - 2JTEX","robots":{"index":"index","follow":"follow","max-snippet":"max-snippet:-1","max-image-preview":"max-image-preview:large","max-video-preview":"max-video-preview:-1"},"canonical":"https:\/\/2j-tex.com\/index.php\/politique-de-confidentialite-rgpd\/","og_locale":"fr_FR","og_type":"article","og_title":"Politique de confidentialit\u00e9 \u2013 RGPD - 2JTEX","og_description":"Politique de confidentialit\u00e9 \u2013 RGPD 1. Responsable du traitement2J-TEX19 Rue des Jardins, 68320 Baltzenheim\ud83d\udce7 contact@2j-tex.com\ud83d\udcde 03 89 78 86 83 2. Donn\u00e9es collect\u00e9esDonn\u00e9es fournies : Nom, pr\u00e9nomEmailT\u00e9l\u00e9phoneMessageDonn\u00e9es automatiques : Adresse IPNavigation 3. Finalit\u00e9sR\u00e9pondre aux demandes\u00c9tablir des devisSuivi clientStatistiques 4. Base l\u00e9galeConsentementInt\u00e9r\u00eat l\u00e9gitime 5. Dur\u00e9e de conservation, 3 ans (prospects) 5 ans (clients si applicable) 6. [&hellip;]","og_url":"https:\/\/2j-tex.com\/index.php\/politique-de-confidentialite-rgpd\/","og_site_name":"2JTEX","article_modified_time":"2026-04-09T07:10:11+00:00","twitter_card":"summary_large_image","twitter_misc":{"Dur\u00e9e de lecture estim\u00e9e":"2 minutes"},"schema":{"@context":"https:\/\/schema.org","@graph":[{"@type":"WebPage","@id":"https:\/\/2j-tex.com\/index.php\/politique-de-confidentialite-rgpd\/","url":"https:\/\/2j-tex.com\/index.php\/politique-de-confidentialite-rgpd\/","name":"Politique de confidentialit\u00e9 \u2013 RGPD - 2JTEX","isPartOf":{"@id":"https:\/\/2j-tex.com\/#website"},"datePublished":"2026-04-08T13:52:37+00:00","dateModified":"2026-04-09T07:10:11+00:00","breadcrumb":{"@id":"https:\/\/2j-tex.com\/index.php\/politique-de-confidentialite-rgpd\/#breadcrumb"},"inLanguage":"fr-FR","potentialAction":[{"@type":"ReadAction","target":["https:\/\/2j-tex.com\/index.php\/politique-de-confidentialite-rgpd\/"]}]},{"@type":"BreadcrumbList","@id":"https:\/\/2j-tex.com\/index.php\/politique-de-confidentialite-rgpd\/#breadcrumb","itemListElement":[{"@type":"ListItem","position":1,"name":"Accueil","item":"https:\/\/2j-tex.com\/"},{"@type":"ListItem","position":2,"name":"Politique de confidentialit\u00e9 \u2013 RGPD"}]},{"@type":"WebSite","@id":"https:\/\/2j-tex.com\/#website","url":"https:\/\/2j-tex.com\/","name":"2JTEX","description":"","publisher":{"@id":"https:\/\/2j-tex.com\/#organization"},"potentialAction":[{"@type":"SearchAction","target":{"@type":"EntryPoint","urlTemplate":"https:\/\/2j-tex.com\/?s={search_term_string}"},"query-input":{"@type":"PropertyValueSpecification","valueRequired":true,"valueName":"search_term_string"}}],"inLanguage":"fr-FR"},{"@type":"Organization","@id":"https:\/\/2j-tex.com\/#organization","name":"2JTEX","url":"https:\/\/2j-tex.com\/","logo":{"@type":"ImageObject","inLanguage":"fr-FR","@id":"https:\/\/2j-tex.com\/#\/schema\/logo\/image\/","url":"https:\/\/2j-tex.com\/wp-content\/uploads\/2026\/04\/Logo-2J-TEX-e1775308001819.png","contentUrl":"https:\/\/2j-tex.com\/wp-content\/uploads\/2026\/04\/Logo-2J-TEX-e1775308001819.png","width":143,"height":104,"caption":"2JTEX"},"image":{"@id":"https:\/\/2j-tex.com\/#\/schema\/logo\/image\/"}}]}},"_links":{"self":[{"href":"https:\/\/2j-tex.com\/index.php\/wp-json\/wp\/v2\/pages\/1361","targetHints":{"allow":["GET"]}}],"collection":[{"href":"https:\/\/2j-tex.com\/index.php\/wp-json\/wp\/v2\/pages"}],"about":[{"href":"https:\/\/2j-tex.com\/index.php\/wp-json\/wp\/v2\/types\/page"}],"author":[{"embeddable":true,"href":"https:\/\/2j-tex.com\/index.php\/wp-json\/wp\/v2\/users\/3"}],"replies":[{"embeddable":true,"href":"https:\/\/2j-tex.com\/index.php\/wp-json\/wp\/v2\/comments?post=1361"}],"version-history":[{"count":10,"href":"https:\/\/2j-tex.com\/index.php\/wp-json\/wp\/v2\/pages\/1361\/revisions"}],"predecessor-version":[{"id":1525,"href":"https:\/\/2j-tex.com\/index.php\/wp-json\/wp\/v2\/pages\/1361\/revisions\/1525"}],"wp:attachment":[{"href":"https:\/\/2j-tex.com\/index.php\/wp-json\/wp\/v2\/media?parent=1361"}],"wp:term":[{"taxonomy":"folder","embeddable":true,"href":"https:\/\/2j-tex.com\/index.php\/wp-json\/wp\/v2\/folder?post=1361"}],"curies":[{"name":"wp","href":"https:\/\/api.w.org\/{rel}","templated":true}]}}