{"id":1353,"date":"2026-04-08T13:50:11","date_gmt":"2026-04-08T13:50:11","guid":{"rendered":"https:\/\/2j-tex.com\/?page_id=1353"},"modified":"2026-04-09T09:25:37","modified_gmt":"2026-04-09T09:25:37","slug":"conditions-generales-dutilisation-cgu","status":"publish","type":"page","link":"https:\/\/2j-tex.com\/index.php\/conditions-generales-dutilisation-cgu\/","title":{"rendered":"Conditions G\u00e9n\u00e9rales d\u2019Utilisation (CGU)"},"content":{"rendered":"\t\t<div data-elementor-type=\"wp-page\" data-elementor-id=\"1353\" class=\"elementor elementor-1353\">\n\t\t\t\t<div class=\"elementor-element elementor-element-e7af833 e-flex e-con-boxed e-con e-parent\" data-id=\"e7af833\" data-element_type=\"container\" data-e-type=\"container\">\n\t\t\t\t\t<div class=\"e-con-inner\">\n\t\t\t\t<div class=\"elementor-element elementor-element-a579c5d elementor-widget elementor-widget-heading\" data-id=\"a579c5d\" data-element_type=\"widget\" data-e-type=\"widget\" data-widget_type=\"heading.default\">\n\t\t\t\t\t<h2 class=\"elementor-heading-title elementor-size-default\">Conditions G\u00e9n\u00e9rales d\u2019Utilisation (CGU)<\/h2>\t\t\t\t<\/div>\n\t\t\t\t\t<\/div>\n\t\t\t\t<\/div>\n\t\t<div class=\"elementor-element elementor-element-dd6eeef e-flex e-con-boxed e-con e-parent\" data-id=\"dd6eeef\" data-element_type=\"container\" data-e-type=\"container\">\n\t\t\t\t\t<div class=\"e-con-inner\">\n\t\t\t\t\t\t\t\t<p class=\"e-paragraph-base\" data-interaction-id=\"744681f\"  >\n\t\t\t\t\t\t\t\t1. Objet<br>Les pr\u00e9sentes CGU r\u00e9gissent l\u2019utilisation du site <a target=\"_blank\" href=\"https:\/\/2j-tex.com\/\">https:\/\/2j-tex.com<\/a>.<br><br>2. Acc\u00e8s au site<br>Le site est accessible gratuitement \u00e0 tout utilisateur disposant d\u2019un acc\u00e8s \u00e0 Internet.<br><br>3. Services<br>Le site pr\u00e9sente les services de <strong>2J-TEX<\/strong> dans le domaine du textile, notamment : personnalisation textile, impression sur textile, pr\u00e9sentation des r\u00e9alisations, prise de contact<br><br>4. Obligations de l\u2019utilisateur<br>L\u2019utilisateur s\u2019engage \u00e0 utiliser le site de mani\u00e8re l\u00e9gale et \u00e0 ne pas perturber son fonctionnement.<br><br>5. Propri\u00e9t\u00e9 intellectuelle<br>Tous les contenus du site sont la propri\u00e9t\u00e9 de <strong>2J-TEX<\/strong>.<br><br>6. Responsabilit\u00e9<br>2J-TEX ne garantit pas l\u2019exactitude des informations et d\u00e9cline toute responsabilit\u00e9 en cas de dommages li\u00e9s \u00e0 l\u2019utilisation du site.<br><br>7. Liens externes<br>Le site peut contenir des liens vers d\u2019autres sites sans engagement de responsabilit\u00e9.<br><br>8. Donn\u00e9es personnellesLes donn\u00e9es collect\u00e9es via les formulaires sont utilis\u00e9es uniquement pour r\u00e9pondre aux demandes.<br>Contact : <a target=\"_blank\" href=\"mailto:contact@2j-tex.com\">contact@2j-tex.com<\/a><br><br>9. Cookies<br>Le site peut utiliser des cookies \u00e0 des fins statistiques et d\u2019am\u00e9lioration.<br><br>10. Modification<br>Les CGU peuvent \u00eatre modifi\u00e9es \u00e0 tout moment.<br><br>11. Droit applicable<br>Droit fran\u00e7ais applicable.<br><br>12. Contact<br><a target=\"_blank\" href=\"mailto:contact@2j-tex.com\">contact@2j-tex.com<\/a><br>03 89 78 86 83\n\t\t\t\t\t<\/p>\n\t\t\t\t\t<\/div>\n\t\t\t\t<\/div>\n\t\t\t\t<\/div>\n\t\t","protected":false},"excerpt":{"rendered":"<p>Conditions G\u00e9n\u00e9rales d\u2019Utilisation (CGU) 1. ObjetLes pr\u00e9sentes CGU r\u00e9gissent l\u2019utilisation du site https:\/\/2j-tex.com. 2. Acc\u00e8s au siteLe site est accessible gratuitement \u00e0 tout utilisateur disposant d\u2019un acc\u00e8s \u00e0 Internet. 3. ServicesLe site pr\u00e9sente les services de 2J-TEX dans le domaine du textile, notamment : personnalisation textile, impression sur textile, pr\u00e9sentation des r\u00e9alisations, prise de contact [&hellip;]<\/p>\n","protected":false},"author":3,"featured_media":0,"parent":0,"menu_order":0,"comment_status":"closed","ping_status":"closed","template":"","meta":{"footnotes":""},"folder":[38],"class_list":["post-1353","page","type-page","status-publish","hentry"],"yoast_head":"<!-- This site is optimized with the Yoast SEO plugin v27.3 - https:\/\/yoast.com\/product\/yoast-seo-wordpress\/ -->\n<title>Conditions G\u00e9n\u00e9rales d\u2019Utilisation (CGU) - 2JTEX<\/title>\n<meta name=\"robots\" content=\"index, follow, max-snippet:-1, max-image-preview:large, max-video-preview:-1\" \/>\n<link rel=\"canonical\" href=\"https:\/\/2j-tex.com\/index.php\/conditions-generales-dutilisation-cgu\/\" \/>\n<meta property=\"og:locale\" content=\"fr_FR\" \/>\n<meta property=\"og:type\" content=\"article\" \/>\n<meta property=\"og:title\" content=\"Conditions G\u00e9n\u00e9rales d\u2019Utilisation (CGU) - 2JTEX\" \/>\n<meta property=\"og:description\" content=\"Conditions G\u00e9n\u00e9rales d\u2019Utilisation (CGU) 1. ObjetLes pr\u00e9sentes CGU r\u00e9gissent l\u2019utilisation du site https:\/\/2j-tex.com. 2. Acc\u00e8s au siteLe site est accessible gratuitement \u00e0 tout utilisateur disposant d\u2019un acc\u00e8s \u00e0 Internet. 3. ServicesLe site pr\u00e9sente les services de 2J-TEX dans le domaine du textile, notamment : personnalisation textile, impression sur textile, pr\u00e9sentation des r\u00e9alisations, prise de contact [&hellip;]\" \/>\n<meta property=\"og:url\" content=\"https:\/\/2j-tex.com\/index.php\/conditions-generales-dutilisation-cgu\/\" \/>\n<meta property=\"og:site_name\" content=\"2JTEX\" \/>\n<meta property=\"article:modified_time\" content=\"2026-04-09T09:25:37+00:00\" \/>\n<meta name=\"twitter:card\" content=\"summary_large_image\" \/>\n<meta name=\"twitter:label1\" content=\"Dur\u00e9e de lecture estim\u00e9e\" \/>\n\t<meta name=\"twitter:data1\" content=\"1 minute\" \/>\n<script type=\"application\/ld+json\" class=\"yoast-schema-graph\">{\"@context\":\"https:\\\/\\\/schema.org\",\"@graph\":[{\"@type\":\"WebPage\",\"@id\":\"https:\\\/\\\/2j-tex.com\\\/index.php\\\/conditions-generales-dutilisation-cgu\\\/\",\"url\":\"https:\\\/\\\/2j-tex.com\\\/index.php\\\/conditions-generales-dutilisation-cgu\\\/\",\"name\":\"Conditions G\u00e9n\u00e9rales d\u2019Utilisation (CGU) - 2JTEX\",\"isPartOf\":{\"@id\":\"https:\\\/\\\/2j-tex.com\\\/#website\"},\"datePublished\":\"2026-04-08T13:50:11+00:00\",\"dateModified\":\"2026-04-09T09:25:37+00:00\",\"breadcrumb\":{\"@id\":\"https:\\\/\\\/2j-tex.com\\\/index.php\\\/conditions-generales-dutilisation-cgu\\\/#breadcrumb\"},\"inLanguage\":\"fr-FR\",\"potentialAction\":[{\"@type\":\"ReadAction\",\"target\":[\"https:\\\/\\\/2j-tex.com\\\/index.php\\\/conditions-generales-dutilisation-cgu\\\/\"]}]},{\"@type\":\"BreadcrumbList\",\"@id\":\"https:\\\/\\\/2j-tex.com\\\/index.php\\\/conditions-generales-dutilisation-cgu\\\/#breadcrumb\",\"itemListElement\":[{\"@type\":\"ListItem\",\"position\":1,\"name\":\"Accueil\",\"item\":\"https:\\\/\\\/2j-tex.com\\\/\"},{\"@type\":\"ListItem\",\"position\":2,\"name\":\"Conditions G\u00e9n\u00e9rales d\u2019Utilisation (CGU)\"}]},{\"@type\":\"WebSite\",\"@id\":\"https:\\\/\\\/2j-tex.com\\\/#website\",\"url\":\"https:\\\/\\\/2j-tex.com\\\/\",\"name\":\"2JTEX\",\"description\":\"\",\"publisher\":{\"@id\":\"https:\\\/\\\/2j-tex.com\\\/#organization\"},\"potentialAction\":[{\"@type\":\"SearchAction\",\"target\":{\"@type\":\"EntryPoint\",\"urlTemplate\":\"https:\\\/\\\/2j-tex.com\\\/?s={search_term_string}\"},\"query-input\":{\"@type\":\"PropertyValueSpecification\",\"valueRequired\":true,\"valueName\":\"search_term_string\"}}],\"inLanguage\":\"fr-FR\"},{\"@type\":\"Organization\",\"@id\":\"https:\\\/\\\/2j-tex.com\\\/#organization\",\"name\":\"2JTEX\",\"url\":\"https:\\\/\\\/2j-tex.com\\\/\",\"logo\":{\"@type\":\"ImageObject\",\"inLanguage\":\"fr-FR\",\"@id\":\"https:\\\/\\\/2j-tex.com\\\/#\\\/schema\\\/logo\\\/image\\\/\",\"url\":\"https:\\\/\\\/2j-tex.com\\\/wp-content\\\/uploads\\\/2026\\\/04\\\/Logo-2J-TEX-e1775308001819.png\",\"contentUrl\":\"https:\\\/\\\/2j-tex.com\\\/wp-content\\\/uploads\\\/2026\\\/04\\\/Logo-2J-TEX-e1775308001819.png\",\"width\":143,\"height\":104,\"caption\":\"2JTEX\"},\"image\":{\"@id\":\"https:\\\/\\\/2j-tex.com\\\/#\\\/schema\\\/logo\\\/image\\\/\"}}]}<\/script>\n<!-- \/ Yoast SEO plugin. -->","yoast_head_json":{"title":"Conditions G\u00e9n\u00e9rales d\u2019Utilisation (CGU) - 2JTEX","robots":{"index":"index","follow":"follow","max-snippet":"max-snippet:-1","max-image-preview":"max-image-preview:large","max-video-preview":"max-video-preview:-1"},"canonical":"https:\/\/2j-tex.com\/index.php\/conditions-generales-dutilisation-cgu\/","og_locale":"fr_FR","og_type":"article","og_title":"Conditions G\u00e9n\u00e9rales d\u2019Utilisation (CGU) - 2JTEX","og_description":"Conditions G\u00e9n\u00e9rales d\u2019Utilisation (CGU) 1. ObjetLes pr\u00e9sentes CGU r\u00e9gissent l\u2019utilisation du site https:\/\/2j-tex.com. 2. Acc\u00e8s au siteLe site est accessible gratuitement \u00e0 tout utilisateur disposant d\u2019un acc\u00e8s \u00e0 Internet. 3. ServicesLe site pr\u00e9sente les services de 2J-TEX dans le domaine du textile, notamment : personnalisation textile, impression sur textile, pr\u00e9sentation des r\u00e9alisations, prise de contact [&hellip;]","og_url":"https:\/\/2j-tex.com\/index.php\/conditions-generales-dutilisation-cgu\/","og_site_name":"2JTEX","article_modified_time":"2026-04-09T09:25:37+00:00","twitter_card":"summary_large_image","twitter_misc":{"Dur\u00e9e de lecture estim\u00e9e":"1 minute"},"schema":{"@context":"https:\/\/schema.org","@graph":[{"@type":"WebPage","@id":"https:\/\/2j-tex.com\/index.php\/conditions-generales-dutilisation-cgu\/","url":"https:\/\/2j-tex.com\/index.php\/conditions-generales-dutilisation-cgu\/","name":"Conditions G\u00e9n\u00e9rales d\u2019Utilisation (CGU) - 2JTEX","isPartOf":{"@id":"https:\/\/2j-tex.com\/#website"},"datePublished":"2026-04-08T13:50:11+00:00","dateModified":"2026-04-09T09:25:37+00:00","breadcrumb":{"@id":"https:\/\/2j-tex.com\/index.php\/conditions-generales-dutilisation-cgu\/#breadcrumb"},"inLanguage":"fr-FR","potentialAction":[{"@type":"ReadAction","target":["https:\/\/2j-tex.com\/index.php\/conditions-generales-dutilisation-cgu\/"]}]},{"@type":"BreadcrumbList","@id":"https:\/\/2j-tex.com\/index.php\/conditions-generales-dutilisation-cgu\/#breadcrumb","itemListElement":[{"@type":"ListItem","position":1,"name":"Accueil","item":"https:\/\/2j-tex.com\/"},{"@type":"ListItem","position":2,"name":"Conditions G\u00e9n\u00e9rales d\u2019Utilisation (CGU)"}]},{"@type":"WebSite","@id":"https:\/\/2j-tex.com\/#website","url":"https:\/\/2j-tex.com\/","name":"2JTEX","description":"","publisher":{"@id":"https:\/\/2j-tex.com\/#organization"},"potentialAction":[{"@type":"SearchAction","target":{"@type":"EntryPoint","urlTemplate":"https:\/\/2j-tex.com\/?s={search_term_string}"},"query-input":{"@type":"PropertyValueSpecification","valueRequired":true,"valueName":"search_term_string"}}],"inLanguage":"fr-FR"},{"@type":"Organization","@id":"https:\/\/2j-tex.com\/#organization","name":"2JTEX","url":"https:\/\/2j-tex.com\/","logo":{"@type":"ImageObject","inLanguage":"fr-FR","@id":"https:\/\/2j-tex.com\/#\/schema\/logo\/image\/","url":"https:\/\/2j-tex.com\/wp-content\/uploads\/2026\/04\/Logo-2J-TEX-e1775308001819.png","contentUrl":"https:\/\/2j-tex.com\/wp-content\/uploads\/2026\/04\/Logo-2J-TEX-e1775308001819.png","width":143,"height":104,"caption":"2JTEX"},"image":{"@id":"https:\/\/2j-tex.com\/#\/schema\/logo\/image\/"}}]}},"_links":{"self":[{"href":"https:\/\/2j-tex.com\/index.php\/wp-json\/wp\/v2\/pages\/1353","targetHints":{"allow":["GET"]}}],"collection":[{"href":"https:\/\/2j-tex.com\/index.php\/wp-json\/wp\/v2\/pages"}],"about":[{"href":"https:\/\/2j-tex.com\/index.php\/wp-json\/wp\/v2\/types\/page"}],"author":[{"embeddable":true,"href":"https:\/\/2j-tex.com\/index.php\/wp-json\/wp\/v2\/users\/3"}],"replies":[{"embeddable":true,"href":"https:\/\/2j-tex.com\/index.php\/wp-json\/wp\/v2\/comments?post=1353"}],"version-history":[{"count":16,"href":"https:\/\/2j-tex.com\/index.php\/wp-json\/wp\/v2\/pages\/1353\/revisions"}],"predecessor-version":[{"id":1529,"href":"https:\/\/2j-tex.com\/index.php\/wp-json\/wp\/v2\/pages\/1353\/revisions\/1529"}],"wp:attachment":[{"href":"https:\/\/2j-tex.com\/index.php\/wp-json\/wp\/v2\/media?parent=1353"}],"wp:term":[{"taxonomy":"folder","embeddable":true,"href":"https:\/\/2j-tex.com\/index.php\/wp-json\/wp\/v2\/folder?post=1353"}],"curies":[{"name":"wp","href":"https:\/\/api.w.org\/{rel}","templated":true}]}}