{"id":1345,"date":"2026-04-08T13:47:08","date_gmt":"2026-04-08T13:47:08","guid":{"rendered":"https:\/\/2j-tex.com\/?page_id=1345"},"modified":"2026-04-09T07:15:34","modified_gmt":"2026-04-09T07:15:34","slug":"mentions-legales","status":"publish","type":"page","link":"https:\/\/2j-tex.com\/index.php\/mentions-legales\/","title":{"rendered":"MENTIONS L\u00c9GALES"},"content":{"rendered":"\t\t<div data-elementor-type=\"wp-page\" data-elementor-id=\"1345\" class=\"elementor elementor-1345\">\n\t\t\t\t<div class=\"elementor-element elementor-element-50b1404 e-flex e-con-boxed e-con e-parent\" data-id=\"50b1404\" data-element_type=\"container\" data-e-type=\"container\">\n\t\t\t\t\t<div class=\"e-con-inner\">\n\t\t\t\t<div class=\"elementor-element elementor-element-20b5192 elementor-widget elementor-widget-heading\" data-id=\"20b5192\" data-element_type=\"widget\" data-e-type=\"widget\" data-widget_type=\"heading.default\">\n\t\t\t\t\t<h2 class=\"elementor-heading-title elementor-size-default\">MENTIONS L\u00c9GALES<\/h2>\t\t\t\t<\/div>\n\t\t\t\t\t<\/div>\n\t\t\t\t<\/div>\n\t\t<div class=\"elementor-element elementor-element-78a8445 e-flex e-con-boxed e-con e-parent\" data-id=\"78a8445\" data-element_type=\"container\" data-e-type=\"container\">\n\t\t\t\t\t<div class=\"e-con-inner\">\n\t\t\t\t\t\t\t\t<p class=\"e-222db83-b05e32e e-paragraph-base\" data-interaction-id=\"222db83\"  >\n\t\t\t\t\t\t\t\t1. \u00c9diteur du site<br>Le pr\u00e9sent site internet est \u00e9dit\u00e9 par : <strong>2J-TEX<\/strong><br>Adresse : 19 Rue des Jardins, 68320 Baltzenheim, France<br>T\u00e9l\u00e9phone : 03 89 78 86 83<br>Email : <a target=\"_blank\" href=\"mailto:contact@2j-tex.com\">contact@2j-tex.com<\/a><br>Directeur de la publication : 2J-TEX<br><br>2. H\u00e9bergement du site<br>Le site est h\u00e9berg\u00e9 par :<strong>[\u00c0 compl\u00e9ter \u2013 ex : OVH, Ionos, etc.]<\/strong><br>Adresse : [adresse de l\u2019h\u00e9bergeur]<br>T\u00e9l\u00e9phone : [num\u00e9ro]<br>Site web : [URL]<br><br>3. Activit\u00e9<br>Le site <a target=\"_blank\" href=\"https:\/\/2j-tex.com\/\"><strong>https:\/\/2j-tex.com<\/strong><\/a> est un site vitrine sp\u00e9cialis\u00e9 dans le domaine du textile, notamment : personnalisation textile, impression sur textile, conception et fourniture de produits textilesLes informations fournies sont donn\u00e9es \u00e0 titre indicatif et peuvent \u00eatre modifi\u00e9es \u00e0 tout moment.<br><br>4. Propri\u00e9t\u00e9 intellectuelle<br>L\u2019ensemble des contenus pr\u00e9sents sur ce site (textes, images, logos, graphismes, etc.) est la propri\u00e9t\u00e9 exclusive de <strong>2J-TEX<\/strong>, sauf mention contraire.Toute reproduction ou utilisation sans autorisation est interdite.<br><br>5. Responsabilit\u00e9<br>2J-TEX ne saurait \u00eatre tenu responsable des erreurs, omissions ou d\u2019un mauvais usage du site.<br><br>6. Donn\u00e9es personnelles<br>Les donn\u00e9es collect\u00e9es via le site sont utilis\u00e9es uniquement dans le cadre de la relation commerciale. Conform\u00e9ment au RGPD, vous pouvez exercer vos droits \u00e0 l\u2019adresse suivante :<br><a target=\"_blank\" href=\"mailto:contact@2j-tex.com\">contact@2j-tex.com<\/a><br><br>7. Cookies<br>Le site peut utiliser des cookies pour am\u00e9liorer l\u2019exp\u00e9rience utilisateur.<br><br>8. Droit applicable<br>Le pr\u00e9sent site est soumis au droit fran\u00e7ais.<br><br>9. Contact<br><a target=\"_blank\" href=\"mailto:contact@2j-tex.com\">contact@2j-tex.com<\/a><br>03 89 78 86 83\n\t\t\t\t\t<\/p>\n\t\t\t\t\t<\/div>\n\t\t\t\t<\/div>\n\t\t\t\t<\/div>\n\t\t","protected":false},"excerpt":{"rendered":"<p>MENTIONS L\u00c9GALES 1. \u00c9diteur du siteLe pr\u00e9sent site internet est \u00e9dit\u00e9 par : 2J-TEXAdresse : 19 Rue des Jardins, 68320 Baltzenheim, FranceT\u00e9l\u00e9phone : 03 89 78 86 83Email : contact@2j-tex.comDirecteur de la publication : 2J-TEX 2. H\u00e9bergement du siteLe site est h\u00e9berg\u00e9 par :[\u00c0 compl\u00e9ter \u2013 ex : OVH, Ionos, etc.]Adresse : [adresse de l\u2019h\u00e9bergeur]T\u00e9l\u00e9phone [&hellip;]<\/p>\n","protected":false},"author":3,"featured_media":0,"parent":0,"menu_order":0,"comment_status":"closed","ping_status":"closed","template":"","meta":{"footnotes":""},"folder":[38],"class_list":["post-1345","page","type-page","status-publish","hentry"],"yoast_head":"<!-- This site is optimized with the Yoast SEO plugin v27.3 - https:\/\/yoast.com\/product\/yoast-seo-wordpress\/ -->\n<title>MENTIONS L\u00c9GALES - 2JTEX<\/title>\n<meta name=\"robots\" content=\"index, follow, max-snippet:-1, max-image-preview:large, max-video-preview:-1\" \/>\n<link rel=\"canonical\" href=\"https:\/\/2j-tex.com\/index.php\/mentions-legales\/\" \/>\n<meta property=\"og:locale\" content=\"fr_FR\" \/>\n<meta property=\"og:type\" content=\"article\" \/>\n<meta property=\"og:title\" content=\"MENTIONS L\u00c9GALES - 2JTEX\" \/>\n<meta property=\"og:description\" content=\"MENTIONS L\u00c9GALES 1. \u00c9diteur du siteLe pr\u00e9sent site internet est \u00e9dit\u00e9 par : 2J-TEXAdresse : 19 Rue des Jardins, 68320 Baltzenheim, FranceT\u00e9l\u00e9phone : 03 89 78 86 83Email : contact@2j-tex.comDirecteur de la publication : 2J-TEX 2. H\u00e9bergement du siteLe site est h\u00e9berg\u00e9 par :[\u00c0 compl\u00e9ter \u2013 ex : OVH, Ionos, etc.]Adresse : [adresse de l\u2019h\u00e9bergeur]T\u00e9l\u00e9phone [&hellip;]\" \/>\n<meta property=\"og:url\" content=\"https:\/\/2j-tex.com\/index.php\/mentions-legales\/\" \/>\n<meta property=\"og:site_name\" content=\"2JTEX\" \/>\n<meta property=\"article:modified_time\" content=\"2026-04-09T07:15:34+00:00\" \/>\n<meta name=\"twitter:card\" content=\"summary_large_image\" \/>\n<meta name=\"twitter:label1\" content=\"Dur\u00e9e de lecture estim\u00e9e\" \/>\n\t<meta name=\"twitter:data1\" content=\"2 minutes\" \/>\n<script type=\"application\/ld+json\" class=\"yoast-schema-graph\">{\"@context\":\"https:\\\/\\\/schema.org\",\"@graph\":[{\"@type\":\"WebPage\",\"@id\":\"https:\\\/\\\/2j-tex.com\\\/index.php\\\/mentions-legales\\\/\",\"url\":\"https:\\\/\\\/2j-tex.com\\\/index.php\\\/mentions-legales\\\/\",\"name\":\"MENTIONS L\u00c9GALES - 2JTEX\",\"isPartOf\":{\"@id\":\"https:\\\/\\\/2j-tex.com\\\/#website\"},\"datePublished\":\"2026-04-08T13:47:08+00:00\",\"dateModified\":\"2026-04-09T07:15:34+00:00\",\"breadcrumb\":{\"@id\":\"https:\\\/\\\/2j-tex.com\\\/index.php\\\/mentions-legales\\\/#breadcrumb\"},\"inLanguage\":\"fr-FR\",\"potentialAction\":[{\"@type\":\"ReadAction\",\"target\":[\"https:\\\/\\\/2j-tex.com\\\/index.php\\\/mentions-legales\\\/\"]}]},{\"@type\":\"BreadcrumbList\",\"@id\":\"https:\\\/\\\/2j-tex.com\\\/index.php\\\/mentions-legales\\\/#breadcrumb\",\"itemListElement\":[{\"@type\":\"ListItem\",\"position\":1,\"name\":\"Accueil\",\"item\":\"https:\\\/\\\/2j-tex.com\\\/\"},{\"@type\":\"ListItem\",\"position\":2,\"name\":\"MENTIONS L\u00c9GALES\"}]},{\"@type\":\"WebSite\",\"@id\":\"https:\\\/\\\/2j-tex.com\\\/#website\",\"url\":\"https:\\\/\\\/2j-tex.com\\\/\",\"name\":\"2JTEX\",\"description\":\"\",\"publisher\":{\"@id\":\"https:\\\/\\\/2j-tex.com\\\/#organization\"},\"potentialAction\":[{\"@type\":\"SearchAction\",\"target\":{\"@type\":\"EntryPoint\",\"urlTemplate\":\"https:\\\/\\\/2j-tex.com\\\/?s={search_term_string}\"},\"query-input\":{\"@type\":\"PropertyValueSpecification\",\"valueRequired\":true,\"valueName\":\"search_term_string\"}}],\"inLanguage\":\"fr-FR\"},{\"@type\":\"Organization\",\"@id\":\"https:\\\/\\\/2j-tex.com\\\/#organization\",\"name\":\"2JTEX\",\"url\":\"https:\\\/\\\/2j-tex.com\\\/\",\"logo\":{\"@type\":\"ImageObject\",\"inLanguage\":\"fr-FR\",\"@id\":\"https:\\\/\\\/2j-tex.com\\\/#\\\/schema\\\/logo\\\/image\\\/\",\"url\":\"https:\\\/\\\/2j-tex.com\\\/wp-content\\\/uploads\\\/2026\\\/04\\\/Logo-2J-TEX-e1775308001819.png\",\"contentUrl\":\"https:\\\/\\\/2j-tex.com\\\/wp-content\\\/uploads\\\/2026\\\/04\\\/Logo-2J-TEX-e1775308001819.png\",\"width\":143,\"height\":104,\"caption\":\"2JTEX\"},\"image\":{\"@id\":\"https:\\\/\\\/2j-tex.com\\\/#\\\/schema\\\/logo\\\/image\\\/\"}}]}<\/script>\n<!-- \/ Yoast SEO plugin. -->","yoast_head_json":{"title":"MENTIONS L\u00c9GALES - 2JTEX","robots":{"index":"index","follow":"follow","max-snippet":"max-snippet:-1","max-image-preview":"max-image-preview:large","max-video-preview":"max-video-preview:-1"},"canonical":"https:\/\/2j-tex.com\/index.php\/mentions-legales\/","og_locale":"fr_FR","og_type":"article","og_title":"MENTIONS L\u00c9GALES - 2JTEX","og_description":"MENTIONS L\u00c9GALES 1. \u00c9diteur du siteLe pr\u00e9sent site internet est \u00e9dit\u00e9 par : 2J-TEXAdresse : 19 Rue des Jardins, 68320 Baltzenheim, FranceT\u00e9l\u00e9phone : 03 89 78 86 83Email : contact@2j-tex.comDirecteur de la publication : 2J-TEX 2. H\u00e9bergement du siteLe site est h\u00e9berg\u00e9 par :[\u00c0 compl\u00e9ter \u2013 ex : OVH, Ionos, etc.]Adresse : [adresse de l\u2019h\u00e9bergeur]T\u00e9l\u00e9phone [&hellip;]","og_url":"https:\/\/2j-tex.com\/index.php\/mentions-legales\/","og_site_name":"2JTEX","article_modified_time":"2026-04-09T07:15:34+00:00","twitter_card":"summary_large_image","twitter_misc":{"Dur\u00e9e de lecture estim\u00e9e":"2 minutes"},"schema":{"@context":"https:\/\/schema.org","@graph":[{"@type":"WebPage","@id":"https:\/\/2j-tex.com\/index.php\/mentions-legales\/","url":"https:\/\/2j-tex.com\/index.php\/mentions-legales\/","name":"MENTIONS L\u00c9GALES - 2JTEX","isPartOf":{"@id":"https:\/\/2j-tex.com\/#website"},"datePublished":"2026-04-08T13:47:08+00:00","dateModified":"2026-04-09T07:15:34+00:00","breadcrumb":{"@id":"https:\/\/2j-tex.com\/index.php\/mentions-legales\/#breadcrumb"},"inLanguage":"fr-FR","potentialAction":[{"@type":"ReadAction","target":["https:\/\/2j-tex.com\/index.php\/mentions-legales\/"]}]},{"@type":"BreadcrumbList","@id":"https:\/\/2j-tex.com\/index.php\/mentions-legales\/#breadcrumb","itemListElement":[{"@type":"ListItem","position":1,"name":"Accueil","item":"https:\/\/2j-tex.com\/"},{"@type":"ListItem","position":2,"name":"MENTIONS L\u00c9GALES"}]},{"@type":"WebSite","@id":"https:\/\/2j-tex.com\/#website","url":"https:\/\/2j-tex.com\/","name":"2JTEX","description":"","publisher":{"@id":"https:\/\/2j-tex.com\/#organization"},"potentialAction":[{"@type":"SearchAction","target":{"@type":"EntryPoint","urlTemplate":"https:\/\/2j-tex.com\/?s={search_term_string}"},"query-input":{"@type":"PropertyValueSpecification","valueRequired":true,"valueName":"search_term_string"}}],"inLanguage":"fr-FR"},{"@type":"Organization","@id":"https:\/\/2j-tex.com\/#organization","name":"2JTEX","url":"https:\/\/2j-tex.com\/","logo":{"@type":"ImageObject","inLanguage":"fr-FR","@id":"https:\/\/2j-tex.com\/#\/schema\/logo\/image\/","url":"https:\/\/2j-tex.com\/wp-content\/uploads\/2026\/04\/Logo-2J-TEX-e1775308001819.png","contentUrl":"https:\/\/2j-tex.com\/wp-content\/uploads\/2026\/04\/Logo-2J-TEX-e1775308001819.png","width":143,"height":104,"caption":"2JTEX"},"image":{"@id":"https:\/\/2j-tex.com\/#\/schema\/logo\/image\/"}}]}},"_links":{"self":[{"href":"https:\/\/2j-tex.com\/index.php\/wp-json\/wp\/v2\/pages\/1345","targetHints":{"allow":["GET"]}}],"collection":[{"href":"https:\/\/2j-tex.com\/index.php\/wp-json\/wp\/v2\/pages"}],"about":[{"href":"https:\/\/2j-tex.com\/index.php\/wp-json\/wp\/v2\/types\/page"}],"author":[{"embeddable":true,"href":"https:\/\/2j-tex.com\/index.php\/wp-json\/wp\/v2\/users\/3"}],"replies":[{"embeddable":true,"href":"https:\/\/2j-tex.com\/index.php\/wp-json\/wp\/v2\/comments?post=1345"}],"version-history":[{"count":13,"href":"https:\/\/2j-tex.com\/index.php\/wp-json\/wp\/v2\/pages\/1345\/revisions"}],"predecessor-version":[{"id":1532,"href":"https:\/\/2j-tex.com\/index.php\/wp-json\/wp\/v2\/pages\/1345\/revisions\/1532"}],"wp:attachment":[{"href":"https:\/\/2j-tex.com\/index.php\/wp-json\/wp\/v2\/media?parent=1345"}],"wp:term":[{"taxonomy":"folder","embeddable":true,"href":"https:\/\/2j-tex.com\/index.php\/wp-json\/wp\/v2\/folder?post=1345"}],"curies":[{"name":"wp","href":"https:\/\/api.w.org\/{rel}","templated":true}]}}